{"id":956,"date":"2024-04-15T13:44:22","date_gmt":"2024-04-15T10:44:22","guid":{"rendered":"https:\/\/www.sumud.fi\/?page_id=956"},"modified":"2024-04-15T13:44:22","modified_gmt":"2024-04-15T10:44:22","slug":"tietoa-sumudista","status":"publish","type":"page","link":"https:\/\/www.sumud.fi\/en\/tietoa-sumudista\/","title":{"rendered":"Tietoa Sumudista"},"content":{"rendered":"\n<p>Sumud on intersektionaalinen yhdistys, joka ty\u00f6skentelee Israelin apartheidin, miehityksen ja kolonialismin lopettamiseksi sek\u00e4 palestiinalaisten ihmisoikeuksien ja poliittisten oikeuksien toteuttamiseksi.<\/p>\n\n\n\n<p>Osana maailmanlaajuista Palestiinan solidaarisuusliikett\u00e4 tavoitteenamme on lopettaa Suomen tuki Israelin apartheidille ja muuttaa se tueksi demokratialle, dekolonisaatiolle ja ihmisoikeuksille.<\/p>\n\n\n\n<p>Tuemme palestiinalaisen kansalaisyhteiskunnan vaatimuksia boikoteista, pakotteista ja sijoitusten poisvet\u00e4misest\u00e4 (<em>boycott, divestment and sanctions<\/em> eli BDS). Tuemme my\u00f6s BDS-liikkeen Israelille esitt\u00e4m\u00e4\u00e4 vaatimusta lopettaa arabimaiden miehitys ja kolonisaatio, taata Israelin palestiinalaisten kansalaisten tasa-arvo ja panna t\u00e4yt\u00e4nt\u00f6\u00f6n palestiinalaispakolaisten paluuoikeus.<\/p>\n\n\n\n<p>Sumud vastustaa kaikkia kolonialismin ja rasismin muotoja \u2013 mukaan lukien antisemitismi\u00e4 ja islamofobiaa \u2013 sek\u00e4 seksismi\u00e4, transfobiaa, homofobiaa, ableismia ja muita syrjinn\u00e4n muotoja.<\/p>\n","protected":false},"excerpt":{"rendered":"<p>Sumud on intersektionaalinen yhdistys, joka ty\u00f6skentelee Israelin apartheidin, miehityksen ja kolonialismin lopettamiseksi sek\u00e4 palestiinalaisten ihmisoikeuksien ja poliittisten oikeuksien toteuttamiseksi. Osana maailmanlaajuista Palestiinan solidaarisuusliikett\u00e4 tavoitteenamme on lopettaa Suomen tuki Israelin apartheidille ja muuttaa se tueksi demokratialle, dekolonisaatiolle ja ihmisoikeuksille. Tuemme palestiinalaisen kansalaisyhteiskunnan vaatimuksia boikoteista, pakotteista ja sijoitusten poisvet\u00e4misest\u00e4 (boycott, divestment and sanctions eli BDS). Tuemme my\u00f6s&#8230;<\/p>\n","protected":false},"author":3,"featured_media":0,"parent":0,"menu_order":0,"comment_status":"closed","ping_status":"closed","template":"","meta":{"_kad_blocks_custom_css":"","_kad_blocks_head_custom_js":"","_kad_blocks_body_custom_js":"","_kad_blocks_footer_custom_js":"","_kad_post_transparent":"","_kad_post_title":"","_kad_post_layout":"","_kad_post_sidebar_id":"","_kad_post_content_style":"","_kad_post_vertical_padding":"","_kad_post_feature":"","_kad_post_feature_position":"","_kad_post_header":false,"_kad_post_footer":false,"_kad_post_classname":"","footnotes":""},"hf_cat_page":[],"class_list":["post-956","page","type-page","status-publish","hentry"],"taxonomy_info":[],"featured_image_src_large":false,"author_info":{"display_name":"Mohammad Khlouf","author_link":"https:\/\/www.sumud.fi\/en\/author\/admin_mohammad\/"},"comment_info":0,"_links":{"self":[{"href":"https:\/\/www.sumud.fi\/en\/wp-json\/wp\/v2\/pages\/956","targetHints":{"allow":["GET"]}}],"collection":[{"href":"https:\/\/www.sumud.fi\/en\/wp-json\/wp\/v2\/pages"}],"about":[{"href":"https:\/\/www.sumud.fi\/en\/wp-json\/wp\/v2\/types\/page"}],"author":[{"embeddable":true,"href":"https:\/\/www.sumud.fi\/en\/wp-json\/wp\/v2\/users\/3"}],"replies":[{"embeddable":true,"href":"https:\/\/www.sumud.fi\/en\/wp-json\/wp\/v2\/comments?post=956"}],"version-history":[{"count":1,"href":"https:\/\/www.sumud.fi\/en\/wp-json\/wp\/v2\/pages\/956\/revisions"}],"predecessor-version":[{"id":957,"href":"https:\/\/www.sumud.fi\/en\/wp-json\/wp\/v2\/pages\/956\/revisions\/957"}],"wp:attachment":[{"href":"https:\/\/www.sumud.fi\/en\/wp-json\/wp\/v2\/media?parent=956"}],"wp:term":[{"taxonomy":"hf_cat_page","embeddable":true,"href":"https:\/\/www.sumud.fi\/en\/wp-json\/wp\/v2\/hf_cat_page?post=956"}],"curies":[{"name":"wp","href":"https:\/\/api.w.org\/{rel}","templated":true}]}}